{"id":1627,"date":"2022-05-06T12:59:50","date_gmt":"2022-05-06T10:59:50","guid":{"rendered":"https:\/\/www.concours-innovert.com\/?page_id=1627"},"modified":"2022-05-06T12:59:51","modified_gmt":"2022-05-06T10:59:51","slug":"decouvrez-les-candidats-du-concours","status":"publish","type":"page","link":"https:\/\/www.concours-innovert.com\/en\/decouvrez-les-candidats-du-concours\/","title":{"rendered":"D\u00e9couvrez les candidats du concours !"},"content":{"rendered":"\n<h2 class=\"wp-block-heading\">Le concours Innovert r\u00e9compense les meilleures innovations de la fili\u00e8re v\u00e9g\u00e9tale selon 4 cat\u00e9gories.<\/h2>\n\n\n\n<p class=\"has-normal-font-size\">D\u00e9couvrez les innovations pr\u00e9sent\u00e9es au concours Innovert 2022, en cliquant sur les cat\u00e9gories<\/p>\n\n\n\n<div class=\"wp-block-image\"><figure class=\"alignright size-large is-resized\"><img loading=\"lazy\" decoding=\"async\" src=\"https:\/\/www.concours-innovert.com\/wp-content\/uploads\/2020\/10\/DESTINATION-ANGERS_Salon-du-vegeta_pictos_EXE-04.png\" alt=\"\" class=\"wp-image-164\" width=\"172\" height=\"172\" srcset=\"https:\/\/www.concours-innovert.com\/wp-content\/uploads\/2020\/10\/DESTINATION-ANGERS_Salon-du-vegeta_pictos_EXE-04.png 710w, https:\/\/www.concours-innovert.com\/wp-content\/uploads\/2020\/10\/DESTINATION-ANGERS_Salon-du-vegeta_pictos_EXE-04-300x300.png 300w, https:\/\/www.concours-innovert.com\/wp-content\/uploads\/2020\/10\/DESTINATION-ANGERS_Salon-du-vegeta_pictos_EXE-04-150x150.png 150w\" sizes=\"(max-width: 172px) 100vw, 172px\" \/><\/figure><\/div>\n\n\n\n<h4 class=\"wp-block-heading\"><a href=\"https:\/\/www.concours-innovert.com\/horticulture\/\" data-type=\"URL\" data-id=\"https:\/\/www.concours-innovert.com\/horticulture\/\">A. V\u00e9g\u00e9tal &#8211; Horticulture<\/a><\/h4>\n\n\n\n<h4 class=\"wp-block-heading\"><a href=\"https:\/\/www.concours-innovert.com\/pepiniere\/\" data-type=\"URL\" data-id=\"https:\/\/www.concours-innovert.com\/pepiniere\/\">B. V\u00e9g\u00e9tal &#8211; P\u00e9pini\u00e8re<\/a><\/h4>\n\n\n\n<h4 class=\"wp-block-heading\"><a href=\"https:\/\/www.concours-innovert.com\/produits-services-pour-la-commercialisation-et-ou-lusage-des-vegetaux\/\" data-type=\"URL\" data-id=\"https:\/\/www.concours-innovert.com\/produits-services-pour-la-commercialisation-et-ou-lusage-des-vegetaux\/\">C. Produits et services pour l&#8217;usage et la commercialisation des v\u00e9g\u00e9taux<\/a><\/h4>\n\n\n\n<h4 class=\"wp-block-heading\"><a href=\"https:\/\/www.concours-innovert.com\/espace-vert-amenagement-urbain\/\" data-type=\"URL\" data-id=\"https:\/\/www.concours-innovert.com\/espace-vert-amenagement-urbain\/\">D. Produits, services et dispositifs pour l&#8217;am\u00e9nagement paysager<\/a><\/h4>\n\n\n\n<div class=\"wp-block-image\"><figure class=\"alignleft size-large is-resized\"><img loading=\"lazy\" decoding=\"async\" src=\"https:\/\/www.concours-innovert.com\/wp-content\/uploads\/2020\/10\/DESTINATION-ANGERS_Salon-du-vegeta_pictos_EXE-09.png\" alt=\"\" class=\"wp-image-170\" width=\"104\" height=\"104\" srcset=\"https:\/\/www.concours-innovert.com\/wp-content\/uploads\/2020\/10\/DESTINATION-ANGERS_Salon-du-vegeta_pictos_EXE-09.png 709w, https:\/\/www.concours-innovert.com\/wp-content\/uploads\/2020\/10\/DESTINATION-ANGERS_Salon-du-vegeta_pictos_EXE-09-300x300.png 300w, https:\/\/www.concours-innovert.com\/wp-content\/uploads\/2020\/10\/DESTINATION-ANGERS_Salon-du-vegeta_pictos_EXE-09-150x150.png 150w\" sizes=\"(max-width: 104px) 100vw, 104px\" \/><\/figure><\/div>\n\n\n\n<p class=\"has-normal-font-size\" id=\"block-b289aee9-89d9-4f2b-bf43-80036d47c5b5\">En 2019, 6 entreprises ont \u00e9t\u00e9 r\u00e9compens\u00e9es d\u2019un prix \u00ab<strong>\u00a0Innovert Prime<\/strong>\u00a0\u00bb ou d\u2019un \u00ab\u00a0<strong>Coup de c\u0153ur du jury<\/strong>\u00a0\u00bb.<\/p>\n\n\n\n<p>D\u00e9couvrez la palmar\u00e8s de l\u2019\u00e9dition 2019 en <a rel=\"noreferrer noopener\" href=\"http:\/\/innovert.s188808.mos2.atester.fr\/wp-content\/uploads\/2020\/10\/Laureats-Innovert-2019.pdf\" target=\"_blank\"><strong>cliquant ici<\/strong><\/a> et de l\u2019\u00e9dition 2018 en <strong><a rel=\"noreferrer noopener\" href=\"http:\/\/innovert.s188808.mos2.atester.fr\/wp-content\/uploads\/2020\/10\/Laureats-Innovert-2018.pdf\" target=\"_blank\">cliquant ici<\/a>.<\/strong><\/p>\n","protected":false},"excerpt":{"rendered":"<p>Le concours Innovert r\u00e9compense les meilleures innovations de la fili\u00e8re v\u00e9g\u00e9tale selon&#8230; <br \/><a class=\"readmore\" href=\"https:\/\/www.concours-innovert.com\/en\/decouvrez-les-candidats-du-concours\/\">Read more<\/a><\/p>\n","protected":false},"author":6,"featured_media":0,"parent":0,"menu_order":0,"comment_status":"closed","ping_status":"closed","template":"","meta":{"footnotes":""},"_links":{"self":[{"href":"https:\/\/www.concours-innovert.com\/en\/wp-json\/wp\/v2\/pages\/1627\/"}],"collection":[{"href":"https:\/\/www.concours-innovert.com\/en\/wp-json\/wp\/v2\/pages\/"}],"about":[{"href":"https:\/\/www.concours-innovert.com\/en\/wp-json\/wp\/v2\/types\/page\/"}],"author":[{"embeddable":true,"href":"https:\/\/www.concours-innovert.com\/en\/wp-json\/wp\/v2\/users\/6\/"}],"replies":[{"embeddable":true,"href":"https:\/\/www.concours-innovert.com\/en\/wp-json\/wp\/v2\/comments\/?post=1627"}],"version-history":[{"count":1,"href":"https:\/\/www.concours-innovert.com\/en\/wp-json\/wp\/v2\/pages\/1627\/revisions\/"}],"predecessor-version":[{"id":1628,"href":"https:\/\/www.concours-innovert.com\/en\/wp-json\/wp\/v2\/pages\/1627\/revisions\/1628\/"}],"wp:attachment":[{"href":"https:\/\/www.concours-innovert.com\/en\/wp-json\/wp\/v2\/media\/?parent=1627"}],"curies":[{"name":"wp","href":"https:\/\/api.w.org\/{rel}","templated":true}]}}