{"id":1274,"date":"2022-02-23T10:39:48","date_gmt":"2022-02-23T09:39:48","guid":{"rendered":"http:\/\/www.concours-innovert.com\/?page_id=1274"},"modified":"2024-02-19T14:14:19","modified_gmt":"2024-02-19T13:14:19","slug":"reglement-du-concours","status":"publish","type":"page","link":"https:\/\/www.concours-innovert.com\/en\/reglement-du-concours\/","title":{"rendered":"Contest Rules"},"content":{"rendered":"\r\n<h3 class=\"wp-block-heading\"><a href=\"https:\/\/www.concours-innovert.com\/wp-content\/uploads\/2024\/02\/Reglement-INNOVERT-24-UK.pdf\" target=\"_blank\" rel=\"noopener noreferrer\">Dowload the Contest Rules in PDF<\/a><\/h3>\r\n\r\n\r\n\r\n<p><strong>Preamble<\/strong><br \/>The Innovert competition is an innovation competition for plant professionals.<br \/>Every year, professionals from the sector (communities, specialized distribution, mass distribution, landscaping, production) come to visit the Salon du V\u00e9g\u00e9tal and go to the Innovert space to discover the innovations of the moment.<br \/>These regulations define the rules applicable to the competition.<\/p>\r\n<p><strong>Article<\/strong> <strong>1<\/strong><br \/>The Innovert contest is organized by the Organization Committee of the Salon du V\u00e9g\u00e9tal, and is held as part of the Salon du V\u00e9g\u00e9tal, on September 10th, 11th and 12th, 2024 at the Exhibition Centre of Angers. <br \/>In accordance to the vocation of the Salon du V\u00e9g\u00e9tal, it concerns the vegetal branch in its entirety : <br \/>production, distribution, green areas, landscaping and floristry.<\/p>\r\n<p>Organizer\u2019s address :<br \/>SPL ALTEC \u2013 DESTINATION ANGERS \u2013 Salon du V\u00e9g\u00e9tal<br \/>Route de Paris<br \/>49044 ANGERS CEDEX 01<br \/>Phone : +33 2 41 93 40 40<\/p>\r\n<p><strong>Article 2<\/strong><br \/>The Innovert contest is aimed to showcase, reward and promote the innovations (products, services or solutions) that are likely to foster the development of the vegetal branch, that will present one or several of these qualities:<\/p>\r\n<p>\u2022 Market interest \u2013 issue for the sector (problem or need addressed by the innovation)<br \/>\u2022 Innovative character compared to existing solutions (competitive advantage)<br \/>\u2022 Environmental interests and benefits<br \/>\u2022 Quality of presentation of the file (commercial and technical arguments, experimental results carried out by third parties, sending of the product to the prejury and jury)<\/p>\r\n<p><br \/>For the Varietal Innovation category, other aspects will be studied such as the quality of the seed, the production method and the selection methodology used.<br \/>A product\/service can only be entered into the Innovert competition if it has not been marketed before September 2022.<br \/>Each candidate cannot present more than two products in all categories of the competition.<br \/>A file presented during a previous edition of the Innovert competition cannot be presented a second time, except at the explicit request of the jury.<br \/>The 3 possible winning prizes are Gold, Silver, Bronze. There may be a Gold winner and\/or a Silver winner and\/or a Bronze winner in each category. The Jury is free to designate several Gold, Silver or Bronze winners per competition category. It may also not designate a Gold, Silver or Bronze winner in one or more categories.<\/p>\r\n<p>&nbsp;<\/p>\r\n<p><strong>Article 3<\/strong><\/p>\r\n<p>The candidate may submit &#8211; details in Article 5 of these regulations &#8211; projects in the categories listed below. The product, service or device must constitute a real innovation on the market and not a simple variant or evolution of an existing product.<\/p>\r\n<p>There are four categories:<\/p>\r\n<p>\u2022 Varietal innovation (A)<br \/>Seeds &amp; plants horticulture and nursery<\/p>\r\n<p>\u2022 Plant commercial novelty: marketing concepts for plant sales (B)<\/p>\r\n<p>\u2022 Products &amp; services for the marketing and\/or use of plants (C):<br \/>Supplies and equipment, marketing, packaging, digital support services, etc.<\/p>\r\n<p>\u2022 Products, services and devices for landscaping (D):<br \/>Exterior design, material &amp; surface covering, equipment and materials, services, maintenance and treatment products\u2026<\/p>\r\n<p>Criteria specific to categories A and B:<\/p>\r\n<p>\u2022 Applicants are strongly encouraged to submit a specimen of their plant during the pre-jury and jury phases, so that experts can attest to the plant&#8217;s innovative characteristics.<br \/>\u2022 A plant not presentable at the time of the show, for reasons linked to its cultivation cycle, may be judged on photos by the jury. These must be precise, from different angles, of good quality and very descriptive on the innovative characteristics.<br \/>\u2022 The competition being professional in nature and serving the sector, the plant must be offered to the market in significant quantities, in relation to its market.<br \/>\u2022 To compete, the Community Plant Variety Protection Title (OCVV\/CPVO) is not mandatory. If the variety has been the subject of an application for protection, it is obligatory to provide it.<br \/>\u2022 For category B: When a range (or series) comprising several varieties is presented, the entire range is judged.<\/p>\r\n<p><br \/><strong>Article 4<\/strong><br \/>Each candidate wishing to participate in the competition must apply to the organizing committee.<br \/>Submission of files is done in 2 phases:<br \/>&#8211; Phase 1 (mandatory to access phase 2): submission of the file before the closing date for registrations (dates communicated on the competition website)<br \/>&#8211; Phase 2 (if phase 1 completed): if necessary, possibility of finalizing the deposit with all the elements up to 2 weeks after the closing of registrations.<\/p>\r\n<p>The Salon du V\u00e9g\u00e9tal reserves the right to interrupt, modify, shorten, extend the dates, or even cancel the competition. It cannot be held responsible for this. In this case, the information will be sent by email to all candidates.<\/p>\r\n<p>Each file must include all the technical data of the product or service presented, as well as an argument highlighting it in relation to the qualities retained as criteria in Article 2. A very complete and detailed file will allow members of the pre-jury and jury to best evaluate the file.<\/p>\r\n<p>The application is submitted online on the website www.concours-innovert.com and takes the following form:<br \/>\u2022 An application form<br \/>\u2022 A description of the product or service<br \/>\u2022 An argument<br \/>\u2022 A commercial brochure or any other document that the candidate considers relevant to best judge their innovation<br \/>\u2022 Photos of the product<br \/>\u2022 Test results<\/p>\r\n<p>The candidate will be able to save their file in \u201cDraft\u201d and make as many modifications as necessary before sending it definitively to the Salon du V\u00e9g\u00e9tal for posting online.<br \/>Once the file has been definitively validated and posted online, a registration confirmation will be sent by email to the candidate. Only applications that comply with these regulations will be considered.<\/p>\r\n<p>Salon du V\u00e9g\u00e9tal \u2013 SPL ALTEC \u2013 DESTINATION ANGERS reminds the candidate of the characteristics and limits of the internet network and declines all responsibility for the consequences of connecting to this network via www.concours-innovert.com\/, in particular due to congestion, error, malicious intervention, software or hardware malfunctions, and any case of force majeure.<br \/>Salon du V\u00e9g\u00e9tal \u2013 SPL ALTEC \u2013 DESTINATION ANGERS cannot be held responsible for any material or immaterial damage caused to application elements and related stored data, as well as any consequences that may result therefrom.<\/p>\r\n<p>An application may be refused by the Salon du V\u00e9g\u00e9tal organizing committee if the product or service presented is not considered sufficiently innovative with regard to the criteria developed in article 2. Any application submitted in a form other than that provided for in these regulations cannot be taken into account and will be deemed void. Any application not meeting the eligibility conditions, or made using incomplete, erroneous or even fraudulent information will be refused.<\/p>\r\n<p><br \/><strong>Article 5<\/strong><br \/>Each exhibitor can submit several different applications to the competition, up to a maximum of two. However, it is not possible to submit the same file in several categories.<\/p>\r\n<p>The first application submission is offered to all exhibitors at the Salon du V\u00e9g\u00e9tal 2024, and the 2nd will be charged \u20ac180 excluding tax.<br \/>Non-exhibiting companies can submit an application file only in category A \u201cVarietal Innovation\u201d, with a limit of one file per company, for a registration fee of \u20ac360 excluding tax.<\/p>\r\n<p>Each file must be complete in terms of the sections to be filled in while remaining as concise as possible. However, the transmission of additional documents (photograph, test report, certification and other document) is strongly recommended. Candidates for the competition are not required to disclose to the Jury certain manufacturing secrets or tricks of their own, with the exception of those benefiting from protection by trademark or patent registration.<\/p>\r\n<p><br \/><strong>Article 6<\/strong><br \/>Candidates must ensure before applying that their rights relating to intellectual and industrial property are well preserved and the corresponding trademarks and patents registered.<br \/>Each candidate thus declares to legitimately hold the intellectual property rights relating to the projects presented during the competition and thus guarantees the organizer Salon du V\u00e9g\u00e9tal \u2013 SPL ALTEC \u2013 DESTINATION ANGERS against any action, complaint, demand or opposition from a third party who would invoke an intellectual property right or an act of unfair and\/or parasitic competition.<br \/>As such, the candidate is informed that the validity of a patent is in particular conditioned on the new nature of the invention, such that any disclosure to a third party not bound by an obligation of confidentiality before its filing constitutes anteriority. destructive of the novelty likely to invalidate the patent, it being specified that the novelty of the invention is assessed on the date of filing of the patent application.<\/p>\r\n<p>To this end and to the extent that the project must be the subject of an exhibition on the candidate&#8217;s stand in accordance with article 9 of these regulations, any candidate, who does not hold a patent on his project, cannot seek liability from the organizer for lack of validity of any patent application which may subsequently be filed at the Salon du V\u00e9g\u00e9tal.<br \/>By submitting their application to the competition, candidates undertake on their honor to:<br \/>\u2022 Guarantee the sincerity and veracity of the information they provide<br \/>\u2022 Declare if their project is not their only intellectual property and if so,<br \/>\u2022 Guarantee, when the intellectual property rights of the project are held by third parties, to have previously obtained their express authorization as well as the titles necessary for their use and exploitation, before applying for the competition.<br \/>The Salon du V\u00e9g\u00e9tal and the Members of the Jury cannot be held responsible for communication of the file during the examination period or for its communication after deliberation.<br \/>Concerning the information transmitted by the candidates in the internal part for the jury, the experts and members of the juries sign a charter guaranteeing their commitment to confidentiality with regard to the information received.<\/p>\r\n<p><strong>Article 7<\/strong><br \/>The procedures for designating the winners are as follows:<\/p>\r\n<p><strong>&gt; 1st phase \u2013 over the course of applications, from opening until the start of phase 2:<\/strong><br \/>Each file will be submitted to an expert specializing in the field, chosen for their skills, who will formulate an opinion concerning: the level of innovation, the challenges and benefits brought by the solution. This notice will be an additional element of information for the prejury.<\/p>\r\n<p><strong>&gt; 2nd phase \u2013 during April 2024:<\/strong><br \/>The prejury, made up of technical institutes, scientific establishments in the sector and linked to the categories of the competition, professional, economic and prevention organizations, will only establish an opinion on the innovative nature of the applications. The jury does not judge the product but the innovative nature of the product; it verifies that it is indeed an innovation. This will give rise to a pre-selection of files which will then be \u201cnominated\u201d. The nominees will be announced a few days (between 1 and 7 working days) after the pre-jury meeting and will be communicated to the public and the press.<\/p>\r\n<p>The prejury may request additional information, before or following this 2nd phase; if the latter is not provided, the product may subsequently not be selected as the winner. Complaints will be received and examined by members of the prejury. The jury is sovereign in its decisions. It reserves the right to change a product category.<\/p>\r\n<p><strong>&gt; 3rd phase \u2013 during June 2024:<\/strong><br \/>The nominated applications will then be submitted to the final Jury, once again made up of experts but also journalists, producers, distributors, Green Spaces technicians and some members of the Salon du V\u00e9g\u00e9tal Organizing Committee. This final Jury will meet at the end of June \u2013 beginning of July 2024 and will designate the Gold, Silver and Bronze winners of the competition.<\/p>\r\n<p><br \/><strong>Article 8<\/strong><br \/>The Juries are sovereign. The decisions of the pre-jury and the final jury are final. Juries protect the secrecy of their deliberations. They make their decisions in a discretionary manner; they are not obliged to provide reasons for their decisions. They are therefore not subject to appeal, which the candidate understands and accepts.<br \/>The pre-jury and the final jury reserve the right to verify the validity of the documents and arguments provided by the participants in the competition. Among the products selected by the prejury, the Final Jury determines the most interesting on the basis of the rating criteria provided for by these regulations and determines the award of the prizes.<\/p>\r\n<p>In addition, the Final Jury may refuse to award a distinction for one or another category if none of the competing products and services seem to merit this distinction.<br \/>The distinguished companies will receive a trophy which will be presented during the Salon du V\u00e9g\u00e9tal 2024.<\/p>\r\n<p><strong>Article 9<\/strong><br \/>The results will be known after the final jury of the competition, and announced to the candidates, then to visitors via email.<br \/>A press release will also be drawn up for this purpose.<br \/>The award ceremony will take place solemnly during the Salon du V\u00e9g\u00e9tal.<\/p>\r\n<p>Any product or service subject to participation in the Innovert competition must be presented in the presentation area dedicated to the competition at the show. The Organizing Committee declines all responsibility in the event of theft, disappearance or deterioration which could affect the products exhibited.<\/p>\r\n<p>Participants in categories A and B undertake to provide, at the Salon du V\u00e9g\u00e9tal, between two and ten copies of each product presented in the competition. We insist on the fact that it is essential that the innovative character of the product is clearly identifiable by visitors.<\/p>\r\n<p>The winners will also have a logo\/sticker that can be used on their corporate documents, referring to the prize obtained. A distinctive display (sticker on the ground in front of the stand and badge on the sign) will be made on the stands of the award-winning exhibitors to highlight the innovations on their respective stands.<\/p>\r\n<p><strong>Article 10<\/strong><br \/>The awarded exhibitors as well as their principals will be able to report their distinction both on their stand and on other occasions subsequently, specifying the elements having been distinguished.<br \/>The official badge of the Innovert 2024 winners will be sent in PDF format to the winners so that they can duly affix them.<\/p>\r\n<p>By the sole fact of their application or their prize, candidates authorize the organizers to use their civilities, associated both with their brand(s), product(s) or service(s) and with the Innovert competition without time limitation. or in space, and without this use being able to give rise to any rights other than the prizes won.<\/p>\r\n<p><strong>Article 11<\/strong><br \/><br \/>The application and participation fees for a product or service are free for exhibitors at the Salon du V\u00e9g\u00e9tal 2024. If they wish to offer a second product or service, they will be asked for a participation fee of \u20ac180 excluding tax.<\/p>\r\n<p>For non-exhibiting companies wishing to submit an application for the competition, they can do so in the \u201cVarietal Innovation\u201d category only, for a participation fee of \u20ac360 excluding tax.<\/p>\r\n<p>The candidate thus undertakes to respect the following obligations:<br \/>\u2022 Authorize in advance Salon du V\u00e9g\u00e9tal \u2013 SPL ALTEC \u2013 DESTINATION ANGERS to publish its name, its company name, the name of its legal representatives, its professional address and its photograph as part of the communication linked to the competition and the Salon du V\u00e9g\u00e9tal;<br \/>\u2022 Expressly and unconditionally grant Salon du V\u00e9g\u00e9tal \u2013 SPL ALTEC \u2013 DESTINATION ANGERS the right to take photographs and any other method of capturing images of it, its principals and its products during its participation in the competition and to use them as part of the communication linked to the competition and the show, throughout its duration, and without this being able to give rise to any rights other than the awarding of the prize;<br \/>\u2022 Expressly and irrevocably grant the right to Salon du V\u00e9g\u00e9tal \u2013 SPL ALTEC \u2013 DESTINATION ANGERS to use, exploit, publish, reproduce, represent, distribute, rebroadcast, in whole or in part, on any medium (such as brochures, websites, articles, posters, videos, small multimedia objects, social networks&#8230;etc. or any other process not yet known to date), and in any place, any sound and\/or visual recording that would be made of it, without this being able to open up rights other than the awarding of the prize;<br \/>\u2022 Expressly and irrevocably grant the right to Salon du V\u00e9g\u00e9tal \u2013 SPL ALTEC \u2013 DESTINATION ANGERS to exploit the result of its application to the competition, its name, its image, its voice and any other aspect of its person or its application, reproducible or not, by means currently known, or which will be known in the future and this at the sole discretion of Salon du V\u00e9g\u00e9tal \u2013 SPL ALTEC \u2013 DESTINATION ANGERS;<br \/>\u2022 Expressly authorize Salon du V\u00e9g\u00e9tal \u2013 SPL ALTEC \u2013 DESTINATION ANGERS to transfer the rights listed above in the preceding paragraphs, in whole or in part, to third parties or to grant a license to use these rights to third parties, in particular to for the purposes of promoting the show, the company SPL ALTEC \u2013 DESTINATION ANGERS, its commercial activities and the Angers region and\/or the Pays de la Loire region;<br \/>\u2022 Commit to studying proposals for participation in any communication action launched by the partners of Salon du V\u00e9g\u00e9tal \u2013 SPL ALTEC \u2013 DESTINATION ANGERS;<br \/>\u2022 Commit to being present or validly represented at the competition prize-giving ceremony.<\/p>\r\n<p><strong>Article 12<\/strong><br \/>Candidates are required to provide certain personal data when submitting their application.<br \/>This information intended for Salon du V\u00e9g\u00e9tal \u2013 SPL ALTEC \u2013 DESTINATION ANGERS \/ INNOVERT Competition may be communicated to third parties as part of the competition and used for various purposes related to: management of applications, monitoring of the competition, communication around the event , respond to requests made by any competent authority\u2026<\/p>\r\n<p>In accordance with the provisions of Law 78-17 of January 6, 1978 and EU Regulation No. 2016\/679 of April 27, 2016, each candidate has the rights of access to their personal data, rectification or erasure of these, the right to limit the processing concerning them, or the right to oppose it and the right to data portability.<br \/>To exercise this right, simply write to the Show Organizing Committee at the address mentioned in article 1.<\/p>\r\n<p><strong>Article 13<\/strong><br \/>Participation in this competition implies the full agreement of the candidates to the acceptance of these rules and to decisions concerning any aspect of the competition, decisions which will be final and binding. Any fraud, or more generally any violation of all or part of these regulations, will result in the cancellation of the application and the definitive elimination of the candidate.<\/p>\r\n<p><strong>Article 14<\/strong><br \/>The prizes awarded to the winners of the Innovert competition are as follows:<\/p>\r\n<p><strong>\u2022 For Gold and Silver laureates<\/strong><\/p>\r\n<ul>\r\n<li>1 trophee<\/li>\r\n<li>Exhibition of innovation in the Innovert Space of the show, located in the C\u0153ur V\u00e9g\u00e9tal, with descriptive sheet of the innovation<\/li>\r\n<li>A reduction of \u20ac150 excluding tax on the price of your stand for the following edition<\/li>\r\n<li>1 communication package with a value of 2 500 \u20ac excl. VAT including :<br \/>\uf0ae Highlight of your product on the Innovert website\u2019s homepage, from the results announcement and until the launch of the contest\u2019s next edition<br \/>\uf0ae At least 2 posts on each of our social networks (Facebook, twitter and LinkedIn)<br \/>\uf0ae Laureates highlight through a specific emailing campaign to the visitors<br \/>\uf0ae Special signage on your booth (\u201c2024 Innovert Gold \/ Silver laureate\u201d sticker on your booth\u2019s sign), and floor sticker in front of your booth<br \/>\uf0ae Press articles reminding of the laureates list in the final press release of the contest<br \/>\uf0ae Highlighting the winning companies on the show map<\/li>\r\n<\/ul>\r\n<p><br \/><strong>\u2022 For Bronze laureates<\/strong><\/p>\r\n<ul>\r\n<li>1 trophee<\/li>\r\n<li>Exhibition of innovation in the Innovert Space of the show, located in the C\u0153ur V\u00e9g\u00e9tal, with descriptive sheet of the innovation<\/li>\r\n<li>1 communication package with a value of 2 500 \u20ac excl. VAT including :<br \/>\uf0ae Highlight of your product on the Innovert website\u2019s homepage, from the results announcement and until the launch of the contest\u2019s next edition<br \/>\uf0ae At least 2 posts on each of our social networks (Facebook and LinkedIn)<br \/>\uf0ae Laureates highlight through a specific emailing campaign to the visitors<br \/>\uf0ae Special signage on your booth (\u201c2024 Innovert Gold \/ Silver laureate\u201d sticker on your booth\u2019s sign), and floor sticker in front of your booth<br \/>\uf0ae Press articles reminding of the laureates list in the final press release of the contest<br \/>\uf0ae Highlighting the winning companies on the show map<\/li>\r\n<\/ul>\r\n<p><br \/><strong>\u2022 For the nominees of the contest<\/strong><\/p>\r\n<ul>\r\n<li>Exhibition of innovation in the Innovert Space of the show, located in the C\u0153ur V\u00e9g\u00e9tal, with descriptive sheet of the innovation<\/li>\r\n<li>1 communication package with a value of 1 500 \u20ac excl. VAT including :<br \/>\uf0ae Highlighting nominees via specific Innovert emailing for visitors<br \/>\uf0ae Promoting your business via a publication on our social networks (LinkedIn and Facebook)<br \/>\uf0ae Specific press release with the results of the nominees, following the competition prejury<\/li>\r\n<\/ul>\r\n<p><br \/><strong>\u2022 For the non exhibitors candidates (Varietal innovation category only, whatever the prize is) : <\/strong><br \/><br \/>\u2022 1 laureate certificate<br \/>\u2022 Exhibition of innovation in the Innovert Space of the show, located in the C\u0153ur V\u00e9g\u00e9tal, with descriptive sheet of the innovation<br \/>\u2022 1 communication package including :<br \/>\u2022 Highlight of your product on the Innovert website\u2019s homepage, from the results announcement and until the launch of the contest\u2019s next edition<br \/>\u2022 At least 2 posts on each of our social networks (Facebook and LinkedIn)<br \/>\u2022 Highlighting laureates \/ nominees via specific Innovert emailing for visitors<br \/>\u2022 Press articles reminding of the laureates list in the final press release of the contest<\/p>\r\n<p><strong>Article 15<\/strong><br \/>The present regulation has been deposited on the study of:<br \/>Mrs V\u00e9ronique GOUKASSOW, Court bailiff\u00a0<br \/>122 rue du Ch\u00e2teau d&#8217;Orgemont<br \/>49003 Angers Cedex 1<\/p>\r\n<p><strong>Article 16<\/strong><br \/>The present regulation is submitted to the French law. Any inquiry, application file request, as well as the proceeding of these files, must be done on the website www.innovert-contest.com.<\/p>\r\n<p>The present regulation is also downloadable on www.concours-innovert.com<\/p>\r\n\r\n\r\n\r\n<div class=\"wp-block-buttons is-layout-flex wp-block-buttons-is-layout-flex\">\r\n<div class=\"wp-block-button\"><a class=\"wp-block-button__link has-white-color has-light-green-cyan-background-color has-text-color has-background\" style=\"border-radius: 10px;\" href=\"https:\/\/www.concours-innovert.com\/wp-content\/uploads\/2024\/02\/Reglement-INNOVERT-24-UK.pdf\" target=\"_blank\" rel=\"noreferrer noopener\">Dowload the Contest Rules in PDF<\/a><\/div>\r\n<\/div>\r\n","protected":false},"excerpt":{"rendered":"<p>Dowload the Contest Rules in PDF PreambleThe Innovert competition is an innovation&#8230; <br \/><a class=\"readmore\" href=\"https:\/\/www.concours-innovert.com\/en\/reglement-du-concours\/\">Read more<\/a><\/p>\n","protected":false},"author":1,"featured_media":0,"parent":0,"menu_order":0,"comment_status":"closed","ping_status":"closed","template":"","meta":{"footnotes":""},"_links":{"self":[{"href":"https:\/\/www.concours-innovert.com\/en\/wp-json\/wp\/v2\/pages\/1274\/"}],"collection":[{"href":"https:\/\/www.concours-innovert.com\/en\/wp-json\/wp\/v2\/pages\/"}],"about":[{"href":"https:\/\/www.concours-innovert.com\/en\/wp-json\/wp\/v2\/types\/page\/"}],"author":[{"embeddable":true,"href":"https:\/\/www.concours-innovert.com\/en\/wp-json\/wp\/v2\/users\/1\/"}],"replies":[{"embeddable":true,"href":"https:\/\/www.concours-innovert.com\/en\/wp-json\/wp\/v2\/comments\/?post=1274"}],"version-history":[{"count":11,"href":"https:\/\/www.concours-innovert.com\/en\/wp-json\/wp\/v2\/pages\/1274\/revisions\/"}],"predecessor-version":[{"id":1897,"href":"https:\/\/www.concours-innovert.com\/en\/wp-json\/wp\/v2\/pages\/1274\/revisions\/1897\/"}],"wp:attachment":[{"href":"https:\/\/www.concours-innovert.com\/en\/wp-json\/wp\/v2\/media\/?parent=1274"}],"curies":[{"name":"wp","href":"https:\/\/api.w.org\/{rel}","templated":true}]}}